{"id":40,"date":"2020-08-11T08:58:03","date_gmt":"2020-08-11T06:58:03","guid":{"rendered":"https:\/\/konkursy-rok-fizyki.fuw.edu.pl\/?page_id=40"},"modified":"2020-12-28T11:00:52","modified_gmt":"2020-12-28T10:00:52","slug":"witajcie","status":"publish","type":"page","link":"https:\/\/konkursy-rok-fizyki.fuw.edu.pl\/","title":{"rendered":""},"content":{"rendered":"\n<p>Szanowni Uczestnicy Konkurs\u00f3w,<\/p>\n\n\n\n<p>w pi\u0105tek 27 listopada nast\u0105pi\u0142o rozstrzygni\u0119cie konkursu <strong>Fizyka, to lubi\u0119!<\/strong> Laureatami zostali:<\/p>\n\n\n\n<p><strong>w kategorii FOTOGRAFIA<\/strong><\/p>\n\n\n\n<div class=\"wp-block-group\"><div class=\"wp-block-group__inner-container is-layout-flow wp-block-group-is-layout-flow\">\n<p><strong>w grupie wiekowej 6-14 lat<\/strong>:<\/p>\n<\/div><\/div>\n\n\n\n<div class=\"wp-block-group\"><div class=\"wp-block-group__inner-container is-layout-flow wp-block-group-is-layout-flow\">\n<ul class=\"wp-block-list\"><li>I miejsce &#8211; Olgierd Szumera<\/li><li>II miejsce &#8211; Amelia Dzi\u0119gielewska<\/li><li>III miejsce &#8211; Karolina Czy\u017cewska <\/li><\/ul>\n\n\n\n<p>   Wyr\u00f3\u017cnienia:<\/p>\n\n\n\n<ul class=\"wp-block-list\"><li>Micha\u0142 Remblewski,<\/li><li>Amelia \u017burowska<\/li><li>Mela \u017bycka<\/li><\/ul>\n\n\n\n<p><strong>w grupie wiekowej 15-19 lat<\/strong>:<\/p>\n\n\n\n<ul class=\"wp-block-list\"><li>I miejsce &#8211; Jan Perdy\u0142a<\/li><li>II miejsce &#8211; Angelika \u015awistowska<\/li><li>III miejsce &#8211; Natalia Simka<\/li><\/ul>\n\n\n\n<p>    Wyr\u00f3\u017cnienia: <\/p>\n\n\n\n<ul class=\"wp-block-list\"><li>Kornelia B\u0105k<\/li><li>Szymon D\u0105browski<\/li><li>Micha\u0142 Stawiarski<\/li><li>Aleksandra Tomczyk<\/li><li>Zofia Wojtkowiak<\/li><\/ul>\n\n\n\n<p><strong>w grupie wiekowej 19+:<\/strong><\/p>\n\n\n\n<ul class=\"wp-block-list\"><li>I miejsce &#8211; Jaros\u0142aw Rybusi\u0144ski<\/li><li>II miejsce &#8211; Jakub Piotrowski<\/li><li>III miejsce &#8211; Alicja Zielnik<\/li><\/ul>\n\n\n\n<p>   Wyr\u00f3\u017cnienia:<\/p>\n\n\n\n<ul class=\"wp-block-list\"><li>Bartosz Nos<\/li><li>Konstancja Nowakowska<\/li><li>Marta Preis<\/li><li>Jakub Sadurski<\/li><\/ul>\n\n\n\n<p style=\"font-size:18px\"> &#8211; <a rel=\"noreferrer noopener\" href=\"https:\/\/konkursy-rok-fizyki.fuw.edu.pl\/index.php\/zwyciezcy-w-kategorii-fotografia\/\" target=\"_blank\"><span class=\"has-inline-color has-vivid-cyan-blue-color\">Zobacz prace zwyci\u0119zc\u00f3w w kategorii FOTOGRAFIA<\/span><\/a><\/p>\n\n\n\n<hr>\n<p><strong>w kategorii FILM<\/strong><\/p>\n\n\n\n<p><strong>w grupie wiekowej 6-14 lat:<\/strong><\/p>\n\n\n\n<figure class=\"wp-block-table\"><table class=\"has-fixed-layout\"><tbody><tr><td class=\"has-text-align-left\" data-align=\"left\"><a rel=\"noreferrer noopener\" href=\"https:\/\/youtu.be\/Uk3mK7ZTf-k\" target=\"_blank\">I miejsce &#8211; Lena Nowak<\/a><\/td><td><a rel=\"noreferrer noopener\" href=\"https:\/\/youtu.be\/Uk3mK7ZTf-k\" target=\"_blank\"><img decoding=\"async\" src=\"https:\/\/konkursy-rok-fizyki.fuw.edu.pl\/wp-content\/uploads\/2020\/12\/youtube.png\" alt=\"\"><\/a><\/td><\/tr><tr><td class=\"has-text-align-left\" data-align=\"left\"><a rel=\"noreferrer noopener\" href=\"https:\/\/youtu.be\/LeH0RQg2QpY\" target=\"_blank\">II miejsce &#8211; Waldemar Lamandini<\/a><\/td><td><img decoding=\"async\" src=\"https:\/\/konkursy-rok-fizyki.fuw.edu.pl\/wp-content\/uploads\/2020\/12\/youtube.png\" alt=\"\"><\/td><\/tr><tr><td class=\"has-text-align-left\" data-align=\"left\"><a rel=\"noreferrer noopener\" href=\"https:\/\/youtu.be\/-xOGjZFpyhE\" target=\"_blank\">III miejsce &#8211; Szymon Osiak<\/a><\/td><td><img decoding=\"async\" src=\"https:\/\/konkursy-rok-fizyki.fuw.edu.pl\/wp-content\/uploads\/2020\/12\/youtube.png\" alt=\"\"><\/td><\/tr><\/tbody><\/table><\/figure>\n\n\n\n<p>Wyr\u00f3\u017cnienia:<\/p>\n\n\n\n<figure class=\"wp-block-table\"><table class=\"has-fixed-layout\"><tbody><tr><td><a rel=\"noreferrer noopener\" href=\"https:\/\/youtu.be\/s-TOzZKQR00\" target=\"_blank\">Paulina Haglauer<\/a><\/td><td><a rel=\"noreferrer noopener\" href=\"https:\/\/youtu.be\/s-TOzZKQR00\" target=\"_blank\"><img decoding=\"async\" src=\"https:\/\/konkursy-rok-fizyki.fuw.edu.pl\/wp-content\/uploads\/2020\/12\/youtube.png\" alt=\"\"><\/a><\/td><\/tr><tr><td><a rel=\"noreferrer noopener\" href=\"https:\/\/youtu.be\/sKt4Elu58kg\" target=\"_blank\">Pawe\u0142 Le\u015bniak<\/a><\/td><td><a rel=\"noreferrer noopener\" href=\"https:\/\/youtu.be\/sKt4Elu58kg\" target=\"_blank\"><img decoding=\"async\" src=\"https:\/\/konkursy-rok-fizyki.fuw.edu.pl\/wp-content\/uploads\/2020\/12\/youtube.png\" alt=\"\"><\/a><\/td><\/tr><\/tbody><\/table><\/figure>\n\n\n\n<p>  <strong>w grupie wiekowej 15-19 lat:<\/strong><\/p>\n\n\n\n<figure class=\"wp-block-table\"><table class=\"has-fixed-layout\"><tbody><tr><td><a rel=\"noreferrer noopener\" href=\"https:\/\/youtu.be\/CZyc_F_qsLk\" target=\"_blank\">I miejsce &#8211; Marcin Wykr\u0119t<\/a><\/td><td><a rel=\"noreferrer noopener\" href=\"https:\/\/youtu.be\/9D4wAG7VZh4\" target=\"_blank\"><img decoding=\"async\" src=\"https:\/\/konkursy-rok-fizyki.fuw.edu.pl\/wp-content\/uploads\/2020\/12\/youtube.png\" alt=\"\"><\/a><\/td><\/tr><tr><td><a rel=\"noreferrer noopener\" href=\"https:\/\/youtu.be\/9D4wAG7VZh4\" target=\"_blank\">II miejsce &#8211; Daria G\u00f3rska<\/a><\/td><td><a rel=\"noreferrer noopener\" href=\"https:\/\/youtu.be\/9D4wAG7VZh4\" target=\"_blank\"><img decoding=\"async\" src=\"https:\/\/konkursy-rok-fizyki.fuw.edu.pl\/wp-content\/uploads\/2020\/12\/youtube.png\" alt=\"\"><\/a><\/td><\/tr><tr><td><a rel=\"noreferrer noopener\" href=\"https:\/\/youtu.be\/lfunC___4WE\" target=\"_blank\">III miejsce &#8211; Mateusz M\u0119cik<\/a><\/td><td><a rel=\"noreferrer noopener\" href=\"https:\/\/youtu.be\/lfunC___4WE\" target=\"_blank\"><img decoding=\"async\" src=\"https:\/\/konkursy-rok-fizyki.fuw.edu.pl\/wp-content\/uploads\/2020\/12\/youtube.png\" alt=\"\"><\/a><\/td><\/tr><\/tbody><\/table><\/figure>\n\n\n\n<p>Wyr\u00f3\u017cnienia:<\/p>\n\n\n\n<figure class=\"wp-block-table\"><table class=\"has-fixed-layout\"><tbody><tr><td><a rel=\"noreferrer noopener\" href=\"https:\/\/youtu.be\/lgM0jSDtmFA\" target=\"_blank\">Nadia D\u0105browska<\/a><\/td><td><a rel=\"noreferrer noopener\" href=\"https:\/\/youtu.be\/lgM0jSDtmFA\" target=\"_blank\"><img decoding=\"async\" src=\"https:\/\/konkursy-rok-fizyki.fuw.edu.pl\/wp-content\/uploads\/2020\/12\/youtube.png\" alt=\"\"><\/a><\/td><\/tr><tr><td><a rel=\"noreferrer noopener\" href=\"https:\/\/youtu.be\/VlNX1vSbiOo\" target=\"_blank\">Kajetan Kucharski<\/a><\/td><td><a rel=\"noreferrer noopener\" href=\"https:\/\/youtu.be\/VlNX1vSbiOo\" target=\"_blank\"><img decoding=\"async\" src=\"https:\/\/konkursy-rok-fizyki.fuw.edu.pl\/wp-content\/uploads\/2020\/12\/youtube.png\" alt=\"\"><\/a><\/td><\/tr><tr><td><a rel=\"noreferrer noopener\" href=\"https:\/\/youtu.be\/sHjdx8Imii4\" target=\"_blank\">Oliwia Musio\u0142<\/a><\/td><td><a rel=\"noreferrer noopener\" href=\"https:\/\/youtu.be\/sHjdx8Imii4\" target=\"_blank\"><img decoding=\"async\" src=\"https:\/\/konkursy-rok-fizyki.fuw.edu.pl\/wp-content\/uploads\/2020\/12\/youtube.png\" alt=\"\"><\/a><\/td><\/tr><tr><td><a rel=\"noreferrer noopener\" href=\"https:\/\/youtu.be\/mMtU1rdnMxM\" target=\"_blank\">Dominik Szczepek<\/a><\/td><td><a rel=\"noreferrer noopener\" href=\"https:\/\/youtu.be\/mMtU1rdnMxM\" target=\"_blank\"><img decoding=\"async\" src=\"https:\/\/konkursy-rok-fizyki.fuw.edu.pl\/wp-content\/uploads\/2020\/12\/youtube.png\" alt=\"\"><\/a><\/td><\/tr><tr><td><a href=\"https:\/\/www.youtube.com\/watch?v=mwCAjNhPjaA\" target=\"_blank\" rel=\"noreferrer noopener\">Konrad Szyma\u0144ski<\/a><\/td><td><a href=\"https:\/\/www.youtube.com\/watch?v=mwCAjNhPjaA\" target=\"_blank\" rel=\"noreferrer noopener\"><img decoding=\"async\" src=\"https:\/\/konkursy-rok-fizyki.fuw.edu.pl\/wp-content\/uploads\/2020\/12\/youtube.png\" alt=\"\"><\/a><\/td><\/tr><\/tbody><\/table><\/figure>\n\n\n\n<p><strong>w grupie wiekowej 19+:<\/strong><\/p>\n\n\n\n<figure class=\"wp-block-table\"><table class=\"has-fixed-layout\"><tbody><tr><td><a rel=\"noreferrer noopener\" href=\"https:\/\/youtu.be\/X6lHQzsC9Ls\" target=\"_blank\">I miejsce &#8211; Edyta Dzikowska<\/a><\/td><td><a rel=\"noreferrer noopener\" href=\"https:\/\/youtu.be\/X6lHQzsC9Ls\" target=\"_blank\"><img decoding=\"async\" src=\"https:\/\/konkursy-rok-fizyki.fuw.edu.pl\/wp-content\/uploads\/2020\/12\/youtube.png\" alt=\"\"><\/a><\/td><\/tr><tr><td><a rel=\"noreferrer noopener\" href=\"https:\/\/youtu.be\/Rs0WyQBsPCc\" target=\"_blank\">II miejsce &#8211; Martyna Rojczyk<\/a><\/td><td><a rel=\"noreferrer noopener\" href=\"https:\/\/youtu.be\/Rs0WyQBsPCc\" target=\"_blank\"><img decoding=\"async\" src=\"https:\/\/konkursy-rok-fizyki.fuw.edu.pl\/wp-content\/uploads\/2020\/12\/youtube.png\" alt=\"\"><\/a><\/td><\/tr><tr><td><a rel=\"noreferrer noopener\" href=\"https:\/\/youtu.be\/c_8TNK4sg2w\" target=\"_blank\">III miejsce &#8211; Adam Siemionczyk<\/a><\/td><td><a rel=\"noreferrer noopener\" href=\"https:\/\/youtu.be\/c_8TNK4sg2w\" target=\"_blank\"><img decoding=\"async\" src=\"https:\/\/konkursy-rok-fizyki.fuw.edu.pl\/wp-content\/uploads\/2020\/12\/youtube.png\" alt=\"\"><\/a><\/td><\/tr><\/tbody><\/table><\/figure>\n\n\n\n<p>    Wyr\u00f3\u017cnienia:<\/p>\n\n\n\n<figure class=\"wp-block-table\"><table class=\"has-fixed-layout\"><tbody><tr><td><a rel=\"noreferrer noopener\" href=\"https:\/\/youtu.be\/Ybhk81eZlyk\" target=\"_blank\">Jakub Dunajko<\/a><\/td><td><a rel=\"noreferrer noopener\" href=\"https:\/\/youtu.be\/Ybhk81eZlyk\" target=\"_blank\"><img decoding=\"async\" src=\"https:\/\/konkursy-rok-fizyki.fuw.edu.pl\/wp-content\/uploads\/2020\/12\/youtube.png\" alt=\"\"><\/a><\/td><\/tr><tr><td><a rel=\"noreferrer noopener\" href=\"https:\/\/youtu.be\/f2lJ1R00Yts\" target=\"_blank\">Stanis\u0142aw R\u00f3\u017ca\u0144ski<\/a><\/td><td><a rel=\"noreferrer noopener\" href=\"https:\/\/youtu.be\/f2lJ1R00Yts\" target=\"_blank\"><img decoding=\"async\" src=\"https:\/\/konkursy-rok-fizyki.fuw.edu.pl\/wp-content\/uploads\/2020\/12\/youtube.png\" alt=\"\"><\/a><\/td><\/tr><\/tbody><\/table><\/figure>\n<\/div><\/div>\n\n\n\n<p style=\"font-size:18px\" class=\"has-text-color has-vivid-cyan-blue-color\">&#8211; <a rel=\"noreferrer noopener\" href=\"https:\/\/www.youtube.com\/channel\/UC8AmM3VimC45Ad1gOZTswtg\" target=\"_blank\">Zobacz prace zwyci\u0119zc\u00f3w w kategorii FILM na kanale   &#8211;  <img loading=\"lazy\" decoding=\"async\" width=\"96\" height=\"22\" class=\"wp-image-1244\" style=\"width: 96px;\" src=\"https:\/\/konkursy-rok-fizyki.fuw.edu.pl\/wp-content\/uploads\/2020\/12\/youtube.png\" alt=\"\">&#8211; <em><strong>Konkursy Roku Fizyki &#8211; laureaci<\/strong><\/em><\/a><\/p>\n\n\n\n<p><\/p>\n\n\n\n<p><strong>Wszystkim serdecznie gratulujemy i prosimy o kontakt mailowy z Organizatorami (konkurs-foto@fuw.edu.pl).<\/strong><\/p>\n\n\n\n<p>W sobot\u0119 17 pa\u017adziernika, podczas Nadzwyczajnego Zjazdu Fizyk\u00f3w Polskich, zosta\u0142y og\u0142oszone wyniki konkursu <strong>M\u00f3j nauczyciel fizyki<\/strong>. Laureatami zostali:<\/p>\n\n\n\n<p><strong>w kategorii 13 &#8211; 19 lat:<\/strong> <\/p>\n\n\n\n<p>I miejsce &#8211; p. A. Babiuk<\/p>\n\n\n\n<p>II miejsce &#8211; p. M. Mazzoleni<\/p>\n\n\n\n<p>III miejsce &#8211; p.  M. Kosi\u0144ska<\/p>\n\n\n\n<p><strong>w kategorii 19+:<\/strong><\/p>\n\n\n\n<p>I miejsce &#8211; p. M. Budyta-Budzy\u0144ska<\/p>\n\n\n\n<p>II miejsce &#8211; p. J. Goc\u0142owska-Bolek<\/p>\n\n\n\n<p>III miejsce &#8211; p. P. Gryz<\/p>\n\n\n\n<p>Jury konkursu przyzna\u0142o r\u00f3wnie\u017c wyr\u00f3\u017cnienie specjalne dla pracy p. W. Zielicza. <\/p>\n\n\n\n<p><strong>Wszystkim serdecznie gratulujemy i prosimy o kontakt mailowy z Organizatorami (konkurs-literacki@fuw.edu.pl).<\/strong><\/p>\n\n\n\n<p><strong>Zapraszamy do obejrzenia <a href=\"https:\/\/www.youtube.com\/watch?v=5JhALKnslLg&amp;feature=youtu.be&amp;t=174\">fragmentu transmisji<\/a> (pierwsze 15,5 minut) z Nadzwyczajnego Zjazdu Fizyk\u00f3w Polskich, dotycz\u0105cego konkurs\u00f3w organizowanych z okazji Roku Fizyki.<\/strong><\/p>\n\n\n\n<p>W imieniu Organizator\u00f3w,<br>dr Izabela Skwira-Chalot<\/p>\n\n\n\n<p><\/p>\n","protected":false},"excerpt":{"rendered":"<p>Szanowni Uczestnicy Konkurs\u00f3w, w pi\u0105tek 27 listopada nast\u0105pi\u0142o rozstrzygni\u0119cie konkursu Fizyka, to lubi\u0119! Laureatami zostali: w kategorii FOTOGRAFIA w grupie wiekowej 6-14 lat: I miejsce &#8211; Olgierd Szumera II miejsce &#8211; Amelia Dzi\u0119gielewska III miejsce &#8211; Karolina Czy\u017cewska Wyr\u00f3\u017cnienia: Micha\u0142 Remblewski, Amelia \u017burowska Mela \u017bycka w grupie wiekowej 15-19 lat: I miejsce &#8211; Jan Perdy\u0142a &hellip; <\/p>\n<p class=\"link-more\"><a href=\"https:\/\/konkursy-rok-fizyki.fuw.edu.pl\/\" class=\"more-link\">Czytaj dalej<span class=\"screen-reader-text\"> \u201e\u201d<\/span><\/a><\/p>\n","protected":false},"author":1,"featured_media":0,"parent":0,"menu_order":0,"comment_status":"closed","ping_status":"closed","template":"","meta":{"footnotes":""},"class_list":["post-40","page","type-page","status-publish","hentry"],"_links":{"self":[{"href":"https:\/\/konkursy-rok-fizyki.fuw.edu.pl\/index.php\/wp-json\/wp\/v2\/pages\/40","targetHints":{"allow":["GET"]}}],"collection":[{"href":"https:\/\/konkursy-rok-fizyki.fuw.edu.pl\/index.php\/wp-json\/wp\/v2\/pages"}],"about":[{"href":"https:\/\/konkursy-rok-fizyki.fuw.edu.pl\/index.php\/wp-json\/wp\/v2\/types\/page"}],"author":[{"embeddable":true,"href":"https:\/\/konkursy-rok-fizyki.fuw.edu.pl\/index.php\/wp-json\/wp\/v2\/users\/1"}],"replies":[{"embeddable":true,"href":"https:\/\/konkursy-rok-fizyki.fuw.edu.pl\/index.php\/wp-json\/wp\/v2\/comments?post=40"}],"version-history":[{"count":30,"href":"https:\/\/konkursy-rok-fizyki.fuw.edu.pl\/index.php\/wp-json\/wp\/v2\/pages\/40\/revisions"}],"predecessor-version":[{"id":1257,"href":"https:\/\/konkursy-rok-fizyki.fuw.edu.pl\/index.php\/wp-json\/wp\/v2\/pages\/40\/revisions\/1257"}],"wp:attachment":[{"href":"https:\/\/konkursy-rok-fizyki.fuw.edu.pl\/index.php\/wp-json\/wp\/v2\/media?parent=40"}],"curies":[{"name":"wp","href":"https:\/\/api.w.org\/{rel}","templated":true}]}}