{"id":15,"date":"2020-08-06T12:48:35","date_gmt":"2020-08-06T10:48:35","guid":{"rendered":"https:\/\/konkursy-rok-fizyki.fuw.edu.pl\/?page_id=15"},"modified":"2020-08-19T20:09:28","modified_gmt":"2020-08-19T18:09:28","slug":"regulamin-konkursu-moj-nauczyciel-fizyki","status":"publish","type":"page","link":"https:\/\/konkursy-rok-fizyki.fuw.edu.pl\/index.php\/konkurs-literacki-moj-nauczyciel-fizyki\/regulamin-konkursu-moj-nauczyciel-fizyki\/","title":{"rendered":"Regulamin konkursu &#8222;M\u00f3j nauczyciel fizyki&#8221;"},"content":{"rendered":"\n<p><strong>\u00a7 1. Postanowienia og\u00f3lne<\/strong><\/p>\n\n\n\n<ol class=\"wp-block-list\" type=\"1\"><li>Niniejszy regulamin, zwany dalej \u201eRegulaminem\u201d, okre\u015bla warunki, na jakich odbywa si\u0119 konkurs \u201eM\u00f3j nauczyciel fizyki\u201d, zwany dalej \u201eKonkursem\u201d.<\/li><li>Konkurs przeznaczony jest dla wszystkich os\u00f3b zainteresowanych, zwanych dalej \u201eUczestnikami\u201d. Uczestnikami mog\u0105 by\u0107 osoby pe\u0142noletnie oraz niepe\u0142noletnie \u2013 za pisemn\u0105 zgod\u0105 przedstawiciela ustawowego Uczestnika, wyra\u017con\u0105 poprzez podpisanie Formularza.<\/li><li>Konkurs organizowany jest przez Wydzia\u0142 Fizyki Uniwersytetu Warszawskiego (<a rel=\"noreferrer noopener\" href=\"http:\/\/www.fuw.edu.pl\" target=\"_blank\"><span class=\"has-inline-color has-vivid-cyan-blue-color\">www.fuw.edu.pl<\/span><\/a>), zwany dalej \u201eOrganizatorem\u201d.<\/li><li>Ilekro\u0107 w Regulaminie jest mowa o:<ul><li>Formularzu \u2013 nale\u017cy przez to rozumie\u0107 formularz zg\u0142oszeniowy dost\u0119pny na stronie Konkursu;<\/li><li>Zg\u0142oszeniu \u2013 nale\u017cy przez to rozumie\u0107 zg\u0142oszon\u0105 w formie elektronicznej prac\u0119 wraz z wype\u0142nionym Formularzem;<\/li><li>Laureacie \u2013 nale\u017cy przez to rozumie\u0107 Uczestnika, kt\u00f3ry otrzyma\u0142 w Konkursie nagrod\u0119 g\u0142\u00f3wn\u0105, nagrod\u0119 za zaj\u0119cie I, II albo III miejsca.<\/li><\/ul><\/li><li>Uczestnik albo przedstawiciel ustawowy Uczestnika, wysy\u0142aj\u0105c Zg\u0142oszenie na warunkach okre\u015blonych w Regulaminie, potwierdza, \u017ce zapozna\u0142 si\u0119 z tre\u015bci\u0105 Regulaminu i akceptuje go.<\/li><\/ol>\n\n\n\n<p><strong>\u00a7 2. Cel konkursu<\/strong><\/p>\n\n\n\n<ol class=\"wp-block-list\" type=\"1\"><li>Oddanie zas\u0142ug nauczycielom fizyki w zwi\u0105zku z og\u0142oszeniem przez Senat RP roku 2020 Rokiem Fizyki.<\/li><li>Upowszechnianie osi\u0105gni\u0119\u0107 nauczycieli fizyki, kt\u00f3rzy \u015bwietnie przekazuj\u0105 wiedz\u0119 i zach\u0119caj\u0105 swoich uczni\u00f3w do nauki fizyki<\/li><\/ol>\n\n\n\n<p><strong>\u00a7 <\/strong><strong>3. Zasady Konkursu<\/strong><\/p>\n\n\n\n<ol class=\"wp-block-list\" type=\"1\"><li>Konkurs ma charakter otwarty.<\/li><li>Udzia\u0142 w Konkursie jest bezp\u0142atny i dobrowolny.<\/li><li>Nie dopuszcza si\u0119 Zg\u0142osze\u0144 zbiorowych.<\/li><li>Prace do Konkursu mo\u017cna zg\u0142asza\u0107 w dowolnej formie. Mog\u0105 to by\u0107 wiersze, eseje, listy, wspomnienia, itp.<\/li><li>Konkurs jest przeznaczony dla absolwent\u00f3w szk\u00f3\u0142 podstawowych (14-19 lat)<br>&nbsp;i ponadpodstawowych (powy\u017cej 19 lat).<\/li><li>Praca mo\u017ce dotyczy\u0107 tylko nauczyciela, kt\u00f3ry uczy\u0142 Autora podczas uko\u0144czonego ju\u017c etapu edukacji.<\/li><li>Ta sama praca mo\u017ce by\u0107 zg\u0142oszona tylko w jednej grupie wiekowej.<\/li><li>Zg\u0142oszenia, kt\u00f3re nie spe\u0142niaj\u0105 wymaga\u0144 okre\u015blonych w Regulaminie, nie bior\u0105 udzia\u0142u<br>w Konkursie.<\/li><li>Organizator zastrzega sobie prawo do odrzucenia Zg\u0142osze\u0144 obejmuj\u0105cych prace, kt\u00f3re naruszaj\u0105 obowi\u0105zuj\u0105ce przepisy, zasady dobrych obyczaj\u00f3w lub dobra osobiste os\u00f3b trzecich.<\/li><li>W przypadku Zg\u0142oszenia, kt\u00f3re nie spe\u0142nia wymaga\u0144 okre\u015blonych w Regulaminie, formularz i praca podlegaj\u0105 zniszczeniu.<\/li><li>Organizator zastrzega sobie prawo do umieszczenia prac na swojej stronie internetowej.<\/li><li>Uczestnicy ponosz\u0105 wszelkie koszty zwi\u0105zane z przygotowaniem Zg\u0142osze\u0144.&nbsp;<\/li><li>Uczestnicy s\u0105 zobowi\u0105zani do akceptacji nast\u0119puj\u0105cych warunk\u00f3w Konkursu:<\/li><li>Uczestnik jest zobowi\u0105zany do zapoznania si\u0119 z Regulaminem i akceptacji jego warunk\u00f3w;<\/li><li>Uczestnik albo przedstawiciel ustawowy Uczestnika jest zobowi\u0105zany do wyra\u017cenia zgody na przetwarzanie danych osobowych przez Organizatora Konkursu w celach zwi\u0105zanych z realizacj\u0105 Konkursu;<\/li><li>podanie danych osobowych jest dobrowolne, jednak\u017ce w przypadku, gdy Uczestnik albo przedstawiciel ustawowy Uczestnika odm\u00f3wi podania danych lub odm\u00f3wi zgody na przetwarzanie danych osobowych dla potrzeb realizacji Konkursu, Zg\u0142oszenie nie bierze udzia\u0142u w Konkursie;<\/li><li>Uczestnik jest autorem zg\u0142oszonej pracy;<\/li><li>Nades\u0142ane prace zostan\u0105 wykorzystane w celach zwi\u0105zanych z organizacj\u0105<br>&nbsp;i przeprowadzeniem Konkursu;<\/li><li>Uczestnikowi przys\u0142uguj\u0105 autorskie prawa osobiste i wy\u0142\u0105czne, nieograniczone autorskie prawa maj\u0105tkowe do nades\u0142anej pracy, kt\u00f3rymi to prawami mo\u017ce swobodnie rozporz\u0105dza\u0107;<\/li><li>przys\u0142uguj\u0105ce Uczestnikowi autorskie prawa nie naruszaj\u0105 praw os\u00f3b trzecich,<br>w szczeg\u00f3lno\u015bci ich maj\u0105tkowych i osobistych praw autorskich.<\/li><li>Pytania dotycz\u0105ce konkursu nale\u017cy kierowa\u0107 na adres e-mail: konkurs-literacki@fuw.edu.pl<\/li><\/ol>\n\n\n\n<p><strong>\u00a7 4. Wymagania dotycz\u0105ce nades\u0142anych prac<\/strong><\/p>\n\n\n\n<ol class=\"wp-block-list\" type=\"1\"><li>Praca napisana w j\u0119zyku polskim.<\/li><li>Obj\u0119to\u015b\u0107 pracy konkursowej &nbsp;nie powinna przekroczy\u0107 10 znormalizowanych stron&nbsp; tekstu. Strona znormalizowana zawiera &nbsp;30 wierszy na stronie i 60 znak\u00f3w ze spacjami&nbsp; w ka\u017cdym wierszu (wliczaj\u0105c w to przypisy dolne), zatem <strong>obj\u0119to\u015b\u0107 pracy konkursowej nie powinna przekroczy\u0107 18&nbsp;000 znak\u00f3w ze spacjami<\/strong>.<\/li><li>Praca nie mo\u017ce zawiera\u0107 zdj\u0119\u0107.<\/li><li>Praca powinna zawiera\u0107 uj\u0119te w form\u0119 tekstu o walorach literackich wspomnienia Uczestnika dotycz\u0105ce nauczyciela fizyki w instytucji edukacyjnej, do kt\u00f3rej Uczestnik ju\u017c nie ucz\u0119szcza. W szczeg\u00f3lno\u015bci praca mo\u017ce zawiera\u0107 opis sytuacji, zdarzenia lub rozmowy, kt\u00f3ra by\u0142a szczeg\u00f3lnie wa\u017cna dla rozwoju zainteresowania fizyk\u0105 u Uczestnika.<\/li><li>Praca <strong>nie mo\u017ce<\/strong> by\u0107 po\u015bwi\u0119cona krytyce instytucji edukacyjnej lub nauczyciela.<\/li><\/ol>\n\n\n\n<p><strong>\u00a7 5. Terminy<\/strong><\/p>\n\n\n\n<ol class=\"wp-block-list\" type=\"1\"><li>Termin zg\u0142aszania prac up\u0142ywa <strong>dnia 27 wrze\u015bnia 2020<\/strong>.<\/li><li>O zachowaniu terminu decyduje data dokonania Zg\u0142oszenia na stronie internetowej Organizatora.<\/li><li>Zg\u0142oszenia z\u0142o\u017cone po terminie nie bior\u0105 udzia\u0142u w Konkursie.<\/li><li>Og\u0142oszenie wynik\u00f3w Konkursu nast\u0105pi <strong>do dnia 16 pa\u017adziernika 2020 r.<\/strong> Lista Laureat\u00f3w zostanie zamieszczona na stronie internetowej Organizatora.<\/li><li>Organizator powiadomi Laureat\u00f3w drog\u0105 elektroniczn\u0105 na adres poczty elektronicznej wskazany w Zg\u0142oszeniu, w terminie 14 dni kalendarzowych od og\u0142oszenia wynik\u00f3w Konkursu.<\/li><\/ol>\n\n\n\n<p><strong>\u00a7 6. Jury<\/strong><\/p>\n\n\n\n<ol class=\"wp-block-list\" type=\"1\"><li>Organizator powo\u0142uje Jury Konkursu, zwane dalej \u201eJury\u201d.<\/li><li>Wszystkie prace nades\u0142ane do Konkursu podlegaj\u0105 ocenie Jury.<\/li><li>Decyzje Jury w sprawie oceny nades\u0142anych prac zapadaj\u0105 zwyk\u0142\u0105 wi\u0119kszo\u015bci\u0105 g\u0142os\u00f3w i s\u0105 protoko\u0142owane.<\/li><li>Decyzje podj\u0119te przez Jury s\u0105 ostateczne i prawnie wi\u0105\u017c\u0105ce dla wszystkich uczestnik\u00f3w Konkursu.<\/li><\/ol>\n\n\n\n<p><strong>\u00a7 7. Nagrody<\/strong><\/p>\n\n\n\n<ol class=\"wp-block-list\" type=\"1\"><li>Organizator przewiduje nagrody i wyr\u00f3\u017cnienia w ka\u017cdej grupie wiekowej.<\/li><li>Organizator przewiduje nast\u0119puj\u0105ce nagrody:<\/li><\/ol>\n\n\n\n<p><img loading=\"lazy\" decoding=\"async\" width=\"20\" height=\"23\" class=\"wp-image-76\" style=\"width: 20px;\" src=\"https:\/\/konkursy-rok-fizyki.fuw.edu.pl\/wp-content\/uploads\/2020\/08\/pencil-and-paper_s.png\" alt=\"\"> <strong>Nagrod\u0119 za zaj\u0119cie I miejsca <\/strong>\u2013 nagroda pieni\u0119\u017cna w wysoko\u015bci 2000 PLN brutto (s\u0142ownie: dwa tysi\u0105ce z\u0142otych);<\/p>\n\n\n\n<p><img loading=\"lazy\" decoding=\"async\" width=\"20\" height=\"23\" class=\"wp-image-76\" style=\"width: 20px;\" src=\"https:\/\/konkursy-rok-fizyki.fuw.edu.pl\/wp-content\/uploads\/2020\/08\/pencil-and-paper_s.png\" alt=\"\"> <strong>Nagrod\u0119 za zaj\u0119cie II miejsca <\/strong>\u2013 nagroda rzeczowa;<\/p>\n\n\n\n<p><img loading=\"lazy\" decoding=\"async\" width=\"20\" height=\"23\" class=\"wp-image-76\" style=\"width: 20px;\" src=\"https:\/\/konkursy-rok-fizyki.fuw.edu.pl\/wp-content\/uploads\/2020\/08\/pencil-and-paper_s.png\" alt=\"\"> <strong>Nagrod\u0119 za zaj\u0119cie III miejsca <\/strong>\u2013 nagroda rzeczowa.<\/p>\n\n\n\n<ol class=\"wp-block-list\" start=\"3\"><li>W przypadku gdy nagroda pieni\u0119\u017cna podlega opodatkowaniu podatkiem dochodowym od os\u00f3b fizycznych zgodnie z ustaw\u0105 z dnia 26 lipca 1991 r. o podatku dochodowym od os\u00f3b fizycznych, za pobranie nale\u017cnego podatku od zwyci\u0119zcy nagrody i odprowadzenie go odpowiedzialny jest Organizator, tzn. cz\u0119\u015b\u0107 pieni\u0119\u017cna nagrody pobrana przez Organizatora nie podlega wyp\u0142acie Uczestnikowi, zostanie natomiast odprowadzona przez Organizatora bezpo\u015brednio na rachunek bankowy w\u0142a\u015bciwego Urz\u0119du Skarbowego<strong>.<\/strong><\/li><li>Og\u0142oszenie wynik\u00f3w konkursu oraz wr\u0119czenie nagr\u00f3d odb\u0119dzie si\u0119 na Nadzwyczajnym Zje\u017adzie Fizyk\u00f3w Polskich <strong>w dniach 16-18 pa\u017adziernika 2020 r.<\/strong><\/li><li>W przypadku, gdy Laureat nie mo\u017ce odebra\u0107 nagrody osobi\u015bcie, zostanie ona przekazana w uzgodnionej z Laureatem formie, w terminie 14 dni od dnia og\u0142oszenia wynik\u00f3w Konkursu.<\/li><li>Nagrodzone i wyr\u00f3\u017cnione prace konkursowe mog\u0105 zosta\u0107 opublikowane na \u0142amach kwartalnika POST\u0118PY FIZYKI po wprowadzeniu przez autor\u00f3w zmian i poprawek sugerowanych przez Juror\u00f3w Konkursu, spe\u0142nieniu <a href=\"http:\/\/www.ptf.net.pl\/media\/cms_page_media\/1544\/Wskazowki.pdf\"><span class=\"has-inline-color has-vivid-cyan-blue-color\">wymog\u00f3w Redakcji PF<\/span><\/a> \u00a0i standardowym opracowaniu redakcyjnym.<\/li><\/ol>\n\n\n\n<p><strong>\u00a7 8. Ochrona danych osobowych<\/strong><\/p>\n\n\n\n<ol class=\"wp-block-list\" type=\"1\"><li>Organizator b\u0119dzie zbiera\u0142 nast\u0119puj\u0105ce dane:<ul><li>w przypadku Uczestnik\u00f3w pe\u0142noletnich:<ul><li>imi\u0119 i nazwisko,<\/li><li>rok urodzenia,<\/li><li>adres zamieszkania,<\/li><li>adres poczty elektronicznej;<\/li><\/ul><\/li><li>w przypadku Uczestnik\u00f3w, reprezentowanych przez przedstawicieli ustawowych:<ul><li>imi\u0119 i nazwisko Uczestnika i przedstawiciela ustawowego,<\/li><li>rok urodzenia Uczestnika,<\/li><li>adres zamieszkania przedstawiciela ustawowego,<\/li><li>adres poczty elektronicznej przedstawiciela ustawowego lub Uczestnika.<\/li><\/ul><\/li><\/ul><\/li><\/ol>\n\n\n\n<ol class=\"wp-block-list\" type=\"1\" start=\"2\"><li>Administratorem danych osobowych jest&nbsp;Uniwersytet Warszawski z siedzib\u0105 przy ul. Krakowskie Przedmie\u015bcie 26\/28, w&nbsp;Warszawie (kod pocztowy: 00-927);<\/li><li>Administrator wyznaczy\u0142 Inspektora Ochrony Danych, z kt\u00f3rym mo\u017cna si\u0119 skontaktowa\u0107 za po\u015brednictwem adresu e-mail:&nbsp;<a href=\"mailto:iod@adm.uw.edu.pl\"><span class=\"has-inline-color has-vivid-cyan-blue-color\">iod@adm.uw.edu.pl<\/span><\/a>; Do Inspektora Ochrony Danych nale\u017cy kierowa\u0107 wy\u0142\u0105cznie sprawy dotycz\u0105ce przetwarzania Pa\u0144stwa danych przez Uniwersytet Warszawski, w tym realizacji Pa\u0144stwa praw;<\/li><li>Dane osobowe Uczestnik\u00f3w i przedstawicieli ustawowych Uczestnik\u00f3w b\u0119d\u0105 przetwarzane przez Organizatora w celu przeprowadzenia Konkursu i og\u0142oszenia wynik\u00f3w w zwi\u0105zku z wykonywaniem postanowie\u0144 Regulaminu, a w szczeg\u00f3lno\u015bci w celu komunikacji z Laureatami.<\/li><li>Dane osobowe b\u0119d\u0105 przechowywane przez okres do dw\u00f3ch lat od zako\u0144czenia konkursu;<\/li><li>Podanie danych osobowych ma charakter dobrowolny, jednak\u017ce w przypadku, gdy Uczestnik\/ przedstawiciel ustawowy Uczestnika odm\u00f3wi podania danych lub odm\u00f3wi zgody na przetwarzanie danych osobowych dla potrzeb realizacji Konkursu, Zg\u0142oszenie nie bierze udzia\u0142u w Konkursie i podlega zniszczeniu.<\/li><li>Uczestnik zezwala na wykorzystanie jego imienia i nazwiska w celu informowania (tak\u017ce w mediach) o wynikach Konkursu.<\/li><li>Dane Uczestnik\u00f3w i przedstawicieli ustawowych Uczestnik\u00f3w nie b\u0119d\u0105 udost\u0119pniane podmiotom zewn\u0119trznym z wyj\u0105tkiem przypadk\u00f3w przewidzianych przepisami prawa.<\/li><\/ol>\n\n\n\n<p><strong>\u00a7 9. Postanowienia ko\u0144cowe<\/strong><\/p>\n\n\n\n<ol class=\"wp-block-list\" type=\"1\"><li>Regulamin Konkursu dost\u0119pny jest w siedzibie Organizatora oraz na stronie internetowej  <a href=\"https:\/\/konkursy-rok-fizyki.fuw.edu.pl\/index.php\/konkurs-literacki-moj-nauczyciel-fizyki\"><span class=\"has-inline-color has-vivid-cyan-blue-color\">https:\/\/konkursy-rok-fizyki.fuw.edu.pl\/index.php\/konkurs-literacki-moj-nauczyciel-fizyki<\/span><\/a><span class=\"has-inline-color has-vivid-cyan-blue-color\">\/<\/span><a href=\"https:\/\/konkursy-rok-fizyki.fuw.edu.pl\/index.php\/konkurs-literacki-moj-nauczyciel-fizyki\/regulamin-konkursu-moj-nauczyciel-fizyki\/\"><span class=\"has-inline-color has-vivid-cyan-blue-color\">regulamin-konkursu-moj-nauczyciel-fizyki\/<\/span><\/a><\/li><li>Organizator nie ponosi odpowiedzialno\u015bci za nieprawid\u0142owo\u015b\u0107 danych podanych w <a href=\"https:\/\/konkursy-rok-fizyki.fuw.edu.pl\/index.php\/konkurs-literacki-moj-nauczyciel-fizyki\/formularz-zgloszeniowy-do-konkursu-moj-nauczyciel-fizyki\/\"><span class=\"has-inline-color has-vivid-cyan-blue-color\">Formularzu<\/span><\/a>.<\/li><li>W przypadku zmiany danych kontaktowych Uczestnik jest zobowi\u0105zany niezw\u0142ocznie powiadomi\u0107 o tym Organizatora, pod rygorem zniesienia odpowiedzialno\u015bci Organizatora za skutki niedor\u0119czenia Uczestnikowi korespondencji zwi\u0105zanej z realizacj\u0105 Regulaminu.<\/li><li>Organizator zastrzega sobie prawo do dokonywania w ka\u017cdym czasie z wa\u017cnych powod\u00f3w modyfikacji postanowie\u0144 Regulaminu, jak r\u00f3wnie\u017c do odwo\u0142ania Konkursu w ca\u0142o\u015bci lub w cz\u0119\u015bci obejmuj\u0105cej jedn\u0105 lub dwie kategorie. Za wa\u017cny pow\u00f3d uznaje si\u0119 w szczeg\u00f3lno\u015bci niski poziom zbie\u017cno\u015bci Zg\u0142osze\u0144 z wyznaczonymi kategoriami.<\/li><\/ol>\n","protected":false},"excerpt":{"rendered":"<p>\u00a7 1. Postanowienia og\u00f3lne Niniejszy regulamin, zwany dalej \u201eRegulaminem\u201d, okre\u015bla warunki, na jakich odbywa si\u0119 konkurs \u201eM\u00f3j nauczyciel fizyki\u201d, zwany dalej \u201eKonkursem\u201d. Konkurs przeznaczony jest dla wszystkich os\u00f3b zainteresowanych, zwanych dalej \u201eUczestnikami\u201d. Uczestnikami mog\u0105 by\u0107 osoby pe\u0142noletnie oraz niepe\u0142noletnie \u2013 za pisemn\u0105 zgod\u0105 przedstawiciela ustawowego Uczestnika, wyra\u017con\u0105 poprzez podpisanie Formularza. Konkurs organizowany jest przez Wydzia\u0142 &hellip; <\/p>\n<p class=\"link-more\"><a href=\"https:\/\/konkursy-rok-fizyki.fuw.edu.pl\/index.php\/konkurs-literacki-moj-nauczyciel-fizyki\/regulamin-konkursu-moj-nauczyciel-fizyki\/\" class=\"more-link\">Czytaj dalej<span class=\"screen-reader-text\"> \u201eRegulamin konkursu &#8222;M\u00f3j nauczyciel fizyki&#8221;\u201d<\/span><\/a><\/p>\n","protected":false},"author":1,"featured_media":0,"parent":45,"menu_order":0,"comment_status":"closed","ping_status":"closed","template":"","meta":{"footnotes":""},"class_list":["post-15","page","type-page","status-publish","hentry"],"_links":{"self":[{"href":"https:\/\/konkursy-rok-fizyki.fuw.edu.pl\/index.php\/wp-json\/wp\/v2\/pages\/15","targetHints":{"allow":["GET"]}}],"collection":[{"href":"https:\/\/konkursy-rok-fizyki.fuw.edu.pl\/index.php\/wp-json\/wp\/v2\/pages"}],"about":[{"href":"https:\/\/konkursy-rok-fizyki.fuw.edu.pl\/index.php\/wp-json\/wp\/v2\/types\/page"}],"author":[{"embeddable":true,"href":"https:\/\/konkursy-rok-fizyki.fuw.edu.pl\/index.php\/wp-json\/wp\/v2\/users\/1"}],"replies":[{"embeddable":true,"href":"https:\/\/konkursy-rok-fizyki.fuw.edu.pl\/index.php\/wp-json\/wp\/v2\/comments?post=15"}],"version-history":[{"count":4,"href":"https:\/\/konkursy-rok-fizyki.fuw.edu.pl\/index.php\/wp-json\/wp\/v2\/pages\/15\/revisions"}],"predecessor-version":[{"id":111,"href":"https:\/\/konkursy-rok-fizyki.fuw.edu.pl\/index.php\/wp-json\/wp\/v2\/pages\/15\/revisions\/111"}],"up":[{"embeddable":true,"href":"https:\/\/konkursy-rok-fizyki.fuw.edu.pl\/index.php\/wp-json\/wp\/v2\/pages\/45"}],"wp:attachment":[{"href":"https:\/\/konkursy-rok-fizyki.fuw.edu.pl\/index.php\/wp-json\/wp\/v2\/media?parent=15"}],"curies":[{"name":"wp","href":"https:\/\/api.w.org\/{rel}","templated":true}]}}