{"id":13,"date":"2020-08-06T12:47:08","date_gmt":"2020-08-06T10:47:08","guid":{"rendered":"https:\/\/konkursy-rok-fizyki.fuw.edu.pl\/?page_id=13"},"modified":"2020-08-19T20:08:35","modified_gmt":"2020-08-19T18:08:35","slug":"regulamin-konkursu-fizyka-to-lubie","status":"publish","type":"page","link":"https:\/\/konkursy-rok-fizyki.fuw.edu.pl\/index.php\/konkurs-fotograficzny-filmowy-fizyka-to-lubie\/regulamin-konkursu-fizyka-to-lubie\/","title":{"rendered":"Regulamin konkursu &#8222;Fizyka, To lubi\u0119! &#8222;"},"content":{"rendered":"\n<p><strong>\u00a7 1. Postanowienia og\u00f3lne<\/strong><\/p>\n\n\n\n<ol class=\"wp-block-list\" type=\"1\"><li>Niniejszy regulamin, zwany dalej \u201eRegulaminem\u201d, okre\u015bla warunki, na jakich odbywa si\u0119 konkurs \u201eFizyka, To lubi\u0119!\u201d, zwany dalej \u201eKonkursem\u201d.<\/li><li>Konkurs przeznaczony jest dla wszystkich os\u00f3b zainteresowanych, zwanych dalej \u201eUczestnikami\u201d. Uczestnikami mog\u0105 by\u0107 osoby pe\u0142noletnie oraz niepe\u0142noletnie \u2013 za pisemn\u0105 zgod\u0105 przedstawiciela ustawowego Uczestnika, wyra\u017con\u0105 poprzez podpisanie Formularza.<\/li><li>Konkurs organizowany jest przez Wydzia\u0142 Fizyki Uniwersytetu Warszawskiego (<a href=\"http:\/\/www.fuw.edu.pl\" target=\"_blank\" rel=\"noreferrer noopener\"><span class=\"has-inline-color has-vivid-cyan-blue-color\">www.fuw.edu.pl<\/span><\/a>) zwany dalej \u201eOrganizatorem\u201d.<\/li><li>Ilekro\u0107 w Regulaminie jest mowa o:<ul><li>Formularzu \u2013 nale\u017cy przez to rozumie\u0107 formularz zg\u0142oszeniowy dost\u0119pny na stronie Konkursu;<\/li><li>Zg\u0142oszeniu \u2013 nale\u017cy przez to rozumie\u0107 zg\u0142oszon\u0105 w formie elektronicznej prac\u0119 (fotografi\u0119 albo film) wraz z wype\u0142nionym Formularzem;<\/li><li>Laureacie \u2013 nale\u017cy przez to rozumie\u0107 Uczestnika, kt\u00f3ry otrzyma\u0142 w Konkursie nagrod\u0119 g\u0142\u00f3wn\u0105, nagrod\u0119 za zaj\u0119cie I, II albo III miejsca.<\/li><\/ul><\/li><li>Uczestnik albo przedstawiciel ustawowy Uczestnika, wysy\u0142aj\u0105c Zg\u0142oszenie na warunkach okre\u015blonych w Regulaminie, potwierdza, \u017ce zapozna\u0142 si\u0119 z tre\u015bci\u0105 Regulaminu i akceptuje go.<\/li><\/ol>\n\n\n\n<p><strong>\u00a7 2. Cel konkursu<\/strong><\/p>\n\n\n\n<ol class=\"wp-block-list\" type=\"1\"><li>Promocja nauki z okazji og\u0142oszenia przez Senat RP roku 2020 Rokiem Fizyki.<\/li><li>Upowszechnienie wiedzy w spo\u0142ecze\u0144stwie o zjawiskach fizycznych i prawach nim rz\u0105dz\u0105cymi.<\/li><li>Rozwijanie zainteresowa\u0144 \u015bwiatem przyrody.<\/li><li>Pobudzenie kreatywno\u015bci i ciekawo\u015bci.<\/li><li>Rozwijanie kompetencji kluczowych (podstawowe kompetencje naukowo-techniczne, kompetencje informatyczne).<\/li><\/ol>\n\n\n\n<p><strong>\u00a7 3. Terminy<\/strong><\/p>\n\n\n\n<ol class=\"wp-block-list\" type=\"1\"><li>Termin zg\u0142aszania prac up\u0142ywa <strong>dnia 27 wrze\u015bnia 2020<\/strong>.<\/li><li>O zachowaniu terminu decyduje data przes\u0142ania Zg\u0142oszenia na stronie internetowej Organizatora.<\/li><li>Zg\u0142oszenia z\u0142o\u017cone po terminie nie bior\u0105 udzia\u0142u w Konkursie.<\/li><li>Og\u0142oszenie wynik\u00f3w Konkursu nast\u0105pi <strong>do dnia 16 pa\u017adziernika 2020 r.<\/strong> Lista Laureat\u00f3w zostanie zamieszczona na stronie internetowej <a href=\"https:\/\/konkursy-rok-fizyki.fuw.edu.pl\/\"><span class=\"has-inline-color has-vivid-cyan-blue-color\">www.konkursy-rok-fizyki.fuw.edu.pl<\/span><\/a>.<\/li><li>Organizator powiadomi Laureat\u00f3w drog\u0105 elektroniczn\u0105 na adres poczty elektronicznej wskazany w Zg\u0142oszeniu, w terminie 14 dni kalendarzowych od og\u0142oszenia wynik\u00f3w Konkursu.<\/li><\/ol>\n\n\n\n<p><strong>\u00a7 4. Zasady Konkursu<\/strong><\/p>\n\n\n\n<ol class=\"wp-block-list\" type=\"1\"><li>Udzia\u0142 w Konkursie jest bezp\u0142atny i dobrowolny.<\/li><li>Nie dopuszcza si\u0119 Zg\u0142osze\u0144 zbiorowych.<\/li><li>Prace do Konkursu mo\u017cna zg\u0142asza\u0107 w dw\u00f3ch kategoriach:<ul><li><strong>Fotografia<\/strong> przedstawiaj\u0105ca fizyk\u0119 w \u017cyciu codziennym;<\/li><li><strong>Film<\/strong> przedstawiaj\u0105cy eksperyment fizyczny.<\/li><\/ul><\/li><li>Fotografie i Filmy do Konkursu mo\u017cna zg\u0142asza\u0107 w trzech grupach wiekowych:<ul><li><strong>6-14 lat<\/strong>;<\/li><li><strong>15-19 lat<\/strong>;<\/li><li><strong>>19 lat<\/strong>.<\/li><\/ul><\/li><li>Ta sama fotografia lub ten sam film mo\u017ce by\u0107 zg\u0142oszony tylko w jednej kategorii wiekowej.<\/li><li>Zg\u0142oszenia, kt\u00f3re nie spe\u0142niaj\u0105 wymaga\u0144 okre\u015blonych w Regulaminie, nie bior\u0105 udzia\u0142u w Konkursie.<\/li><li>Organizator zastrzega sobie prawo do odrzucenia Zg\u0142osze\u0144 obejmuj\u0105cych fotografie lub film, kt\u00f3re naruszaj\u0105 obowi\u0105zuj\u0105ce przepisy, zasady dobrych obyczaj\u00f3w lub dobra osobiste os\u00f3b trzecich.<\/li><li>W przypadku Zg\u0142oszenia, kt\u00f3re nie spe\u0142nia wymaga\u0144 okre\u015blonych w Regulaminie, formularz, fotografia lub film podlegaj\u0105 zniszczeniu.<\/li><li>Organizator zastrzega sobie prawo wykorzystania nienagrodzonych prac po uzgodnieniu z autorem.<\/li><li>Uczestnicy ponosz\u0105 wszelkie koszty zwi\u0105zane z przygotowaniem Zg\u0142osze\u0144.<\/li><li>W przypadku, gdy fotografia lub film zawiera czyj\u015b wizerunek, Uczestnik zobowi\u0105zany jest do\u0142\u0105czy\u0107 do Formularza o\u015bwiadczenie tej osoby wyra\u017caj\u0105ce zgod\u0119 na nieodp\u0142atne rozpowszechnianie jej wizerunku w ramach fotografii lub filmu.<\/li><li>W przypadku, gdy fotografia lub film zawiera wizerunek Uczestnika, wyra\u017ca on zgod\u0119 na nieodp\u0142atne rozpowszechnianie jego wizerunku w celach konkursowych. Wyra\u017cenie zgody jest jednoznaczne z tym, \u017ce fotografia lub film mo\u017ce zosta\u0107 opublikowana na stronie Organizatora.<\/li><li>Uczestnicy s\u0105 zobowi\u0105zani do akceptacji nast\u0119puj\u0105cych warunk\u00f3w Konkursu:<\/li><li>Uczestnik jest zobowi\u0105zany do zapoznania si\u0119 z Regulaminem i akceptacji jego warunk\u00f3w;<\/li><li>Uczestnik albo przedstawiciel ustawowy Uczestnika jest zobowi\u0105zany do wyra\u017cenia zgody na przetwarzanie danych osobowych przez Organizatora Konkursu w celach zwi\u0105zanych z realizacj\u0105 Konkursu;<\/li><li>podanie danych osobowych jest dobrowolne, jednak\u017ce w przypadku, gdy Uczestnik albo przedstawiciel ustawowy Uczestnika odm\u00f3wi podania danych lub odm\u00f3wi zgody na przetwarzanie danych osobowych dla potrzeb realizacji Konkursu, Zg\u0142oszenie nie bierze udzia\u0142u w Konkursie;<\/li><li>Uczestnik jest autorem fotografii lub filmu;<\/li><li>Fotografie\/filmy zostan\u0105 wykorzystane w celach zwi\u0105zanych z organizacj\u0105 i przeprowadzeniem Konkursu;<\/li><li>Uczestnik jest zobowi\u0105zany do uzyskania oraz przekazania Organizatorowi zgody osoby, kt\u00f3rej wizerunek zawiera fotografia lub film, na rozpowszechnianie jej wizerunku;<\/li><li>Uczestnikowi przys\u0142uguj\u0105 autorskie prawa osobiste i wy\u0142\u0105czne, nieograniczone autorskie prawa maj\u0105tkowe do fotografii\/filmu, kt\u00f3rymi to prawami mo\u017ce swobodnie rozporz\u0105dza\u0107;<\/li><li>przys\u0142uguj\u0105ce Uczestnikowi autorskie prawa nie naruszaj\u0105 praw os\u00f3b trzecich, w szczeg\u00f3lno\u015bci ich maj\u0105tkowych i osobistych praw autorskich.<\/li><li>Pytania dotycz\u0105ce konkursu nale\u017cy kierowa\u0107 na adres e-mail: konkurs-foto@fuw.edu.pl.<\/li><\/ol>\n\n\n\n<p><strong>\u00a7 4. Wymagania dotycz\u0105ce Fotografii<\/strong><\/p>\n\n\n\n<ol class=\"wp-block-list\" type=\"1\"><li>Fotografie maj\u0105 by\u0107 wykonane w technice cyfrowej.<\/li><li>Maksymalny rozmiar zdj\u0119cia 5MB.<\/li><li>Zabronione jest stosowanie fotomonta\u017cy polegaj\u0105cych na \u0142\u0105czeniu element\u00f3w fotografii pochodz\u0105cych z r\u00f3\u017cnych plik\u00f3w.<\/li><\/ol>\n\n\n\n<p><strong>\u00a7 5. Wymagania dotycz\u0105ce Filmu<\/strong><\/p>\n\n\n\n<ol class=\"wp-block-list\" type=\"1\"><li>Filmy maj\u0105 by\u0107 wykonane w technice cyfrowej.<\/li><li>Maksymalna d\u0142ugo\u015b\u0107 filmu 5 minut.<\/li><\/ol>\n\n\n\n<p><strong>\u00a7 6. Jury<\/strong><\/p>\n\n\n\n<ol class=\"wp-block-list\" type=\"1\"><li>Organizator powo\u0142uje Jury Konkursu, zwane dalej \u201eJury\u201d.<\/li><li>Wszystkie prace nades\u0142ane do Konkursu podlegaj\u0105 ocenie Jury.<\/li><li>Decyzje Jury w sprawie oceny nades\u0142anych prac zapadaj\u0105 zwyk\u0142\u0105 wi\u0119kszo\u015bci\u0105 g\u0142os\u00f3w i s\u0105 protoko\u0142owane.<\/li><li>Decyzje podj\u0119te przez Jury s\u0105 ostateczne i prawnie wi\u0105\u017c\u0105ce dla wszystkich uczestnik\u00f3w Konkursu.<\/li><\/ol>\n\n\n\n<p><strong>\u00a7 7. Nagrody<\/strong><\/p>\n\n\n\n<ol class=\"wp-block-list\" type=\"1\"><li>Organizator przewiduje nagrody w dw\u00f3ch kategoriach:<ul><li>I kategoria \u2013 Fotografia<\/li><li>II kategoria \u2013 Film<\/li><\/ul><\/li><\/ol>\n\n\n\n<p>w ka\u017cdej grupie wiekowej.<\/p>\n\n\n\n<ol class=\"wp-block-list\" start=\"2\"><li>W ka\u017cdej kategorii i ka\u017cdej grupie wiekowej Organizator przewiduje nast\u0119puj\u0105ce nagrody:<\/li><\/ol>\n\n\n\n<p><img loading=\"lazy\" decoding=\"async\" width=\"20\" height=\"20\" class=\"wp-image-75\" style=\"width: 20px;\" src=\"https:\/\/konkursy-rok-fizyki.fuw.edu.pl\/wp-content\/uploads\/2020\/08\/camera_fizyka_s.png\" alt=\"\"> <strong>Nagrod\u0119 za zaj\u0119cia I miejsca <\/strong>\u2013 nagroda pieni\u0119\u017cna w wysoko\u015bci 2000 PLN brutto (s\u0142ownie: dwa tysi\u0105ce z\u0142otych);<\/p>\n\n\n\n<p><img loading=\"lazy\" decoding=\"async\" width=\"20\" height=\"20\" class=\"wp-image-75\" style=\"width: 20px;\" src=\"https:\/\/konkursy-rok-fizyki.fuw.edu.pl\/wp-content\/uploads\/2020\/08\/camera_fizyka_s.png\" alt=\"\"> <strong>Nagrod\u0119 za zaj\u0119cie II miejsca <\/strong>\u2013 nagroda pieni\u0119\u017cna w wysoko\u015bci 1000 PLN brutto (s\u0142ownie: jeden tysi\u0105c z\u0142otych);<\/p>\n\n\n\n<p><img loading=\"lazy\" decoding=\"async\" width=\"20\" height=\"20\" class=\"wp-image-75\" style=\"width: 20px;\" src=\"https:\/\/konkursy-rok-fizyki.fuw.edu.pl\/wp-content\/uploads\/2020\/08\/camera_fizyka_s.png\" alt=\"\"> <strong>Nagrod\u0119 za zaj\u0119cie III miejsca <\/strong>\u2013 nagroda pieni\u0119\u017cna w wysoko\u015bci 500 PLN brutto (s\u0142ownie: pi\u0119\u0107set z\u0142otych).<\/p>\n\n\n\n<ol class=\"wp-block-list\" start=\"3\"><li>W przypadku gdy nagrody podlegaj\u0105 opodatkowaniu podatkiem dochodowym od os\u00f3b fizycznych zgodnie z ustaw\u0105 z dnia 26 lipca 1991 r. o podatku dochodowym od os\u00f3b fizycznych, za pobranie nale\u017cnego podatku od zwyci\u0119zc\u00f3w nagr\u00f3d i odprowadzenie go odpowiedzialny jest Organizator, tzn. cz\u0119\u015b\u0107 pieni\u0119\u017cna nagrody pobrana przez Organizatora nie podlega wyp\u0142acie Uczestnikowi, zostanie natomiast odprowadzona przez Organizatora bezpo\u015brednio na rachunek bankowy w\u0142a\u015bciwego Urz\u0119du Skarbowego.<\/li><li>Nagrody zostan\u0105 wr\u0119czone na Nadzwyczajnym Zje\u017adzie Fizyk\u00f3w Polskich <strong>w dniu 17 pa\u017adziernika 2020 r.<\/strong><\/li><li>W przypadku, gdy Laureat nie mo\u017ce odebra\u0107 nagrody osobi\u015bcie, zostanie ona przekazana w uzgodnionej z Laureatem formie, w terminie 14 dni od dnia og\u0142oszenia wynik\u00f3w Konkursu.<\/li><\/ol>\n\n\n\n<p><strong>\u00a7 8. Ochrona danych osobowych<\/strong><\/p>\n\n\n\n<ol class=\"wp-block-list\" type=\"1\"><li>Organizator b\u0119dzie zbiera\u0142 nast\u0119puj\u0105ce dane:<ul><li>w przypadku Uczestnik\u00f3w pe\u0142noletnich:<ul><li>imi\u0119 i nazwisko,<\/li><li>rok urodzenia,<\/li><li>adres zamieszkania,<\/li><li>adres poczty elektronicznej;<\/li><\/ul><\/li><li>w przypadku Uczestnik\u00f3w, reprezentowanych przez przedstawicieli ustawowych:<ul><li>imi\u0119 i nazwisko Uczestnika i przedstawiciela ustawowego,<\/li><li>rok urodzenia Uczestnika,<\/li><li>adres zamieszkania przedstawiciela ustawowego,<\/li><li>adres poczty elektronicznej przedstawiciela ustawowego lub Uczestnika.<\/li><\/ul><\/li><\/ul><\/li><li>Administratorem danych osobowych jest\u00a0Uniwersytet Warszawski z siedzib\u0105 przy ul. Krakowskie Przedmie\u015bcie 26\/28, w\u00a0Warszawie (kod pocztowy: 00-927);<\/li><li>Administrator wyznaczy\u0142 Inspektora Ochrony Danych, z kt\u00f3rym mo\u017cna si\u0119 skontaktowa\u0107 za po\u015brednictwem adresu e-mail:\u00a0<a href=\"mailto:iod@adm.uw.edu.pl\"><span class=\"has-inline-color has-vivid-cyan-blue-color\">iod@adm.uw.edu.pl<\/span><\/a>; Do Inspektora Ochrony Danych nale\u017cy kierowa\u0107 wy\u0142\u0105cznie sprawy dotycz\u0105ce przetwarzania Pa\u0144stwa danych przez Uniwersytet Warszawski, w tym realizacji Pa\u0144stwa praw;<\/li><li>Dane osobowe Uczestnik\u00f3w i przedstawicieli ustawowych Uczestnik\u00f3w b\u0119d\u0105 przetwarzane przez Organizatora w celu przeprowadzenia Konkursu i og\u0142oszenia wynik\u00f3w w zwi\u0105zku z wykonywaniem postanowie\u0144 Regulaminu, a w szczeg\u00f3lno\u015bci w celu komunikacji z Laureatami;<\/li><li>Dane osobowe b\u0119d\u0105 przechowywane przez okres do dw\u00f3ch lat od zako\u0144czenia konkursu;<\/li><li>Podanie danych osobowych ma charakter dobrowolny, jednak\u017ce w przypadku, gdy Uczestnik\/ przedstawiciel ustawowy Uczestnika odm\u00f3wi podania danych lub odm\u00f3wi zgody na przetwarzanie danych osobowych dla potrzeb realizacji Konkursu, Zg\u0142oszenie nie bierze udzia\u0142u w Konkursie i podlega zniszczeniu.<\/li><li>Uczestnik zezwala na wykorzystanie jego imienia i nazwiska w celu informowania (tak\u017ce w mediach) o wynikach Konkursu.<\/li><li>Dane Uczestnik\u00f3w i przedstawicieli ustawowych Uczestnik\u00f3w nie b\u0119d\u0105 udost\u0119pniane podmiotom zewn\u0119trznym z wyj\u0105tkiem przypadk\u00f3w przewidzianych przepisami prawa.<\/li><\/ol>\n\n\n\n<p><strong>\u00a7 9. Postanowienia ko\u0144cowe<\/strong><\/p>\n\n\n\n<ol class=\"wp-block-list\" type=\"1\"><li>Regulamin Konkursu dost\u0119pny jest w siedzibie Organizatora oraz na stronie internetowej <a href=\"https:\/\/konkursy-rok-fizyki.fuw.edu.pl\/index.php\/konkurs-fotograficzny-filmowy-fizyka-to-lubie\/regulamin-konkursu-fizyka-to-lubie\/\"><span class=\"has-inline-color has-vivid-cyan-blue-color\">https:\/\/konkursy-rok-fizyki.fuw.edu.pl\/index.php\/konkurs-fotograficzny-filmowy-fizyka-to-lubie\/regulamin-konkursu-fizyka-to-lubie\/<\/span><\/a><span class=\"has-inline-color has-vivid-cyan-blue-color\"> <\/span><\/li><li>Organizator nie ponosi odpowiedzialno\u015bci za nieprawid\u0142owo\u015b\u0107 danych podanych w <a href=\"https:\/\/konkursy-rok-fizyki.fuw.edu.pl\/index.php\/konkurs-fotograficzny-filmowy-fizyka-to-lubie\/formularz-zgloszeniowy-do-konkursu-fotograficzno-filmowego-fizyka-to-lubie\/\"><span class=\"has-inline-color has-vivid-cyan-blue-color\">Formularzu<\/span><\/a>.<\/li><li>W przypadku zmiany danych kontaktowych Uczestnik jest zobowi\u0105zany niezw\u0142ocznie powiadomi\u0107 o tym Organizatora, pod rygorem zniesienia odpowiedzialno\u015bci Organizatora za skutki niedor\u0119czenia Uczestnikowi korespondencji zwi\u0105zanej z realizacj\u0105 Regulaminu.<\/li><li>Organizator zastrzega sobie prawo do dokonywania w ka\u017cdym czasie z wa\u017cnych powod\u00f3w modyfikacji postanowie\u0144 Regulaminu, jak r\u00f3wnie\u017c do odwo\u0142ania Konkursu w ca\u0142o\u015bci lub w cz\u0119\u015bci obejmuj\u0105cej jedn\u0105 lub dwie kategorie. Za wa\u017cny pow\u00f3d uznaje si\u0119 w szczeg\u00f3lno\u015bci niski poziom zbie\u017cno\u015bci Zg\u0142osze\u0144 z wyznaczonymi kategoriami.<\/li><\/ol>\n","protected":false},"excerpt":{"rendered":"<p>\u00a7 1. Postanowienia og\u00f3lne Niniejszy regulamin, zwany dalej \u201eRegulaminem\u201d, okre\u015bla warunki, na jakich odbywa si\u0119 konkurs \u201eFizyka, To lubi\u0119!\u201d, zwany dalej \u201eKonkursem\u201d. Konkurs przeznaczony jest dla wszystkich os\u00f3b zainteresowanych, zwanych dalej \u201eUczestnikami\u201d. Uczestnikami mog\u0105 by\u0107 osoby pe\u0142noletnie oraz niepe\u0142noletnie \u2013 za pisemn\u0105 zgod\u0105 przedstawiciela ustawowego Uczestnika, wyra\u017con\u0105 poprzez podpisanie Formularza. Konkurs organizowany jest przez Wydzia\u0142 &hellip; <\/p>\n<p class=\"link-more\"><a href=\"https:\/\/konkursy-rok-fizyki.fuw.edu.pl\/index.php\/konkurs-fotograficzny-filmowy-fizyka-to-lubie\/regulamin-konkursu-fizyka-to-lubie\/\" class=\"more-link\">Czytaj dalej<span class=\"screen-reader-text\"> \u201eRegulamin konkursu &#8222;Fizyka, To lubi\u0119! &#8222;\u201d<\/span><\/a><\/p>\n","protected":false},"author":1,"featured_media":0,"parent":43,"menu_order":0,"comment_status":"closed","ping_status":"closed","template":"","meta":{"footnotes":""},"class_list":["post-13","page","type-page","status-publish","hentry"],"_links":{"self":[{"href":"https:\/\/konkursy-rok-fizyki.fuw.edu.pl\/index.php\/wp-json\/wp\/v2\/pages\/13","targetHints":{"allow":["GET"]}}],"collection":[{"href":"https:\/\/konkursy-rok-fizyki.fuw.edu.pl\/index.php\/wp-json\/wp\/v2\/pages"}],"about":[{"href":"https:\/\/konkursy-rok-fizyki.fuw.edu.pl\/index.php\/wp-json\/wp\/v2\/types\/page"}],"author":[{"embeddable":true,"href":"https:\/\/konkursy-rok-fizyki.fuw.edu.pl\/index.php\/wp-json\/wp\/v2\/users\/1"}],"replies":[{"embeddable":true,"href":"https:\/\/konkursy-rok-fizyki.fuw.edu.pl\/index.php\/wp-json\/wp\/v2\/comments?post=13"}],"version-history":[{"count":5,"href":"https:\/\/konkursy-rok-fizyki.fuw.edu.pl\/index.php\/wp-json\/wp\/v2\/pages\/13\/revisions"}],"predecessor-version":[{"id":110,"href":"https:\/\/konkursy-rok-fizyki.fuw.edu.pl\/index.php\/wp-json\/wp\/v2\/pages\/13\/revisions\/110"}],"up":[{"embeddable":true,"href":"https:\/\/konkursy-rok-fizyki.fuw.edu.pl\/index.php\/wp-json\/wp\/v2\/pages\/43"}],"wp:attachment":[{"href":"https:\/\/konkursy-rok-fizyki.fuw.edu.pl\/index.php\/wp-json\/wp\/v2\/media?parent=13"}],"curies":[{"name":"wp","href":"https:\/\/api.w.org\/{rel}","templated":true}]}}